{"id":763,"date":"2022-09-12T16:55:23","date_gmt":"2022-09-12T16:55:23","guid":{"rendered":"https:\/\/www.colmadodepepita.com\/?post_type=product&#038;p=763"},"modified":"2022-09-12T16:55:23","modified_gmt":"2022-09-12T16:55:23","slug":"jamon-bellota-iberico-100-ri","status":"publish","type":"product","link":"https:\/\/www.colmadodepepita.com\/index.php\/producto\/jamon-bellota-iberico-100-ri\/","title":{"rendered":"Jam\u00f3n Bellota Ib\u00e9rico 100% RI"},"content":{"rendered":"<p>Producto c\u00e1rnico obtenido de las patas traseras de cerdos ib\u00e9ricos al 100% de pureza. Alimentados de bellota, hierba y otros recursos naturales de la dehesa,<\/p>\n<p>Sometido a la acci\u00f3n de la sal y posteriormente a un proceso de secado-maduraci\u00f3n, otorg\u00e1ndole unas caracter\u00edsticas especiales.<\/p>\n","protected":false},"excerpt":{"rendered":"<p>Producto c\u00e1rnico obtenido de las patas traseras de cerdos ib\u00e9ricos al 100% de pureza. Alimentados de bellota, hierba y otros recursos naturales de la dehesa, Sometido a la acci\u00f3n de la sal y posteriormente a un proceso de secado-maduraci\u00f3n, otorg\u00e1ndole unas caracter\u00edsticas especiales.<\/p>\n","protected":false},"featured_media":766,"comment_status":"open","ping_status":"closed","template":"","meta":{"site-sidebar-layout":"default","site-content-layout":"default","ast-global-header-display":"","ast-main-header-display":"","ast-hfb-above-header-display":"","ast-hfb-below-header-display":"","ast-hfb-mobile-header-display":"","site-post-title":"","ast-breadcrumbs-content":"","ast-featured-img":"","footer-sml-layout":"","theme-transparent-header-meta":"default","adv-header-id-meta":"","stick-header-meta":"","header-above-stick-meta":"","header-main-stick-meta":"","header-below-stick-meta":""},"product_cat":[26],"product_tag":[],"class_list":["post-763","product","type-product","status-publish","has-post-thumbnail","hentry","product_cat-jamon","desktop-align-left","tablet-align-left","mobile-align-left"],"_links":{"self":[{"href":"https:\/\/www.colmadodepepita.com\/index.php\/wp-json\/wp\/v2\/product\/763","targetHints":{"allow":["GET"]}}],"collection":[{"href":"https:\/\/www.colmadodepepita.com\/index.php\/wp-json\/wp\/v2\/product"}],"about":[{"href":"https:\/\/www.colmadodepepita.com\/index.php\/wp-json\/wp\/v2\/types\/product"}],"replies":[{"embeddable":true,"href":"https:\/\/www.colmadodepepita.com\/index.php\/wp-json\/wp\/v2\/comments?post=763"}],"wp:featuredmedia":[{"embeddable":true,"href":"https:\/\/www.colmadodepepita.com\/index.php\/wp-json\/wp\/v2\/media\/766"}],"wp:attachment":[{"href":"https:\/\/www.colmadodepepita.com\/index.php\/wp-json\/wp\/v2\/media?parent=763"}],"wp:term":[{"taxonomy":"product_cat","embeddable":true,"href":"https:\/\/www.colmadodepepita.com\/index.php\/wp-json\/wp\/v2\/product_cat?post=763"},{"taxonomy":"product_tag","embeddable":true,"href":"https:\/\/www.colmadodepepita.com\/index.php\/wp-json\/wp\/v2\/product_tag?post=763"}],"curies":[{"name":"wp","href":"https:\/\/api.w.org\/{rel}","templated":true}]}}