{"id":611,"date":"2022-08-18T17:06:03","date_gmt":"2022-08-18T17:06:03","guid":{"rendered":"https:\/\/www.colmadodepepita.com\/?post_type=product&#038;p=611"},"modified":"2022-08-18T17:06:03","modified_gmt":"2022-08-18T17:06:03","slug":"jamon-ceras-curacion-natural","status":"publish","type":"product","link":"https:\/\/www.colmadodepepita.com\/index.php\/producto\/jamon-ceras-curacion-natural\/","title":{"rendered":"Jam\u00f3n Ceras curaci\u00f3n natural"},"content":{"rendered":"<p><strong>Descripci\u00f3n<\/strong><br \/>\nEl Jam\u00f3n Ceras es un producto procedente de cerdos criados en libertad y alimentados con productos naturales. Los cerdos son seleccionados buscando una caracter\u00edsticas raciales y una alimentaci\u00f3n que la familia Ceras considera id\u00f3neas para llegar al producto que catalogamos como Ceras. Una vez despiezado los cerdos, los Jamones son perfilados y pulidos por nuestros maestros, para dejarle la grasa id\u00f3nea, y luego son salados con el m\u00e9todo tradicional y milenario d\u00e1ndole el toque perfecto de sal que se aprende con a\u00f1os de experiencia. Tras el proceso anterior pasan a secaderos naturales donde el \u00fanico agente que act\u00faa es el aire natural de la sierra, y cuando pasa el tiempo que nuestros maestros ven oportuno se bajan a las bodegas naturales donde el tiempo termina su trabajo. El resultado es un producto que se distingue del resto de productos similares del mercado por su calidad y por ello la familia los diferencia y los cataloga como Ceras.<\/p>\n","protected":false},"excerpt":{"rendered":"<p>JAM\u00d3N CORTEGANA DE SIEMPRE . EL DE LA FAMILIA CERAS<\/p>\n","protected":false},"featured_media":622,"comment_status":"open","ping_status":"closed","template":"","meta":{"site-sidebar-layout":"default","site-content-layout":"default","ast-global-header-display":"","ast-main-header-display":"","ast-hfb-above-header-display":"","ast-hfb-below-header-display":"","ast-hfb-mobile-header-display":"","site-post-title":"","ast-breadcrumbs-content":"","ast-featured-img":"","footer-sml-layout":"","theme-transparent-header-meta":"default","adv-header-id-meta":"","stick-header-meta":"","header-above-stick-meta":"","header-main-stick-meta":"","header-below-stick-meta":""},"product_cat":[26],"product_tag":[],"class_list":["post-611","product","type-product","status-publish","has-post-thumbnail","hentry","product_cat-jamon","desktop-align-left","tablet-align-left","mobile-align-left"],"_links":{"self":[{"href":"https:\/\/www.colmadodepepita.com\/index.php\/wp-json\/wp\/v2\/product\/611","targetHints":{"allow":["GET"]}}],"collection":[{"href":"https:\/\/www.colmadodepepita.com\/index.php\/wp-json\/wp\/v2\/product"}],"about":[{"href":"https:\/\/www.colmadodepepita.com\/index.php\/wp-json\/wp\/v2\/types\/product"}],"replies":[{"embeddable":true,"href":"https:\/\/www.colmadodepepita.com\/index.php\/wp-json\/wp\/v2\/comments?post=611"}],"wp:featuredmedia":[{"embeddable":true,"href":"https:\/\/www.colmadodepepita.com\/index.php\/wp-json\/wp\/v2\/media\/622"}],"wp:attachment":[{"href":"https:\/\/www.colmadodepepita.com\/index.php\/wp-json\/wp\/v2\/media?parent=611"}],"wp:term":[{"taxonomy":"product_cat","embeddable":true,"href":"https:\/\/www.colmadodepepita.com\/index.php\/wp-json\/wp\/v2\/product_cat?post=611"},{"taxonomy":"product_tag","embeddable":true,"href":"https:\/\/www.colmadodepepita.com\/index.php\/wp-json\/wp\/v2\/product_tag?post=611"}],"curies":[{"name":"wp","href":"https:\/\/api.w.org\/{rel}","templated":true}]}}