{"id":871,"date":"2022-09-30T16:40:05","date_gmt":"2022-09-30T16:40:05","guid":{"rendered":"https:\/\/www.colmadodepepita.com\/?page_id=871"},"modified":"2022-09-30T16:43:00","modified_gmt":"2022-09-30T16:43:00","slug":"aviso-legal","status":"publish","type":"page","link":"https:\/\/www.colmadodepepita.com\/index.php\/aviso-legal\/","title":{"rendered":"Aviso Legal"},"content":{"rendered":"\n<p>El presente documento tiene como finalidad el establecer y regular las normas de uso de este portal web, entendiendo por \u00e9ste todas las p\u00e1ginas y sus contenidos propiedad de General de CP GASTROSERVICE S.L. a las cuales se accede a trav\u00e9s del dominio <a href=\"https:\/\/www.colmadodepepita.com\">https:\/\/www.colmadodepepita.com<\/a><\/p>\n\n\n\n<p>La utilizaci\u00f3n del portal web atribuye la condici\u00f3n de usuario del mismo e implica la aceptaci\u00f3n de todas las condiciones incluidas en el presente Aviso Legal. El usuario se compromete a leer atentamente el presente Aviso Legal en cada una de las ocasiones en que se proponga utilizar nuestro portal web ya que \u00e9ste y sus condiciones de uso recogidas en el presente Aviso Legal pueden sufrir modificaciones.<\/p>\n\n\n\n<h3 class=\"wp-block-heading\">DATOS IDENTIFICATIVOS:<\/h3>\n\n\n\n<p>En cumplimiento con el deber de informaci\u00f3n recogido en art\u00edculo 10 de la Ley 34\/2002, de 11 de julio, de Servicios de la Sociedad de la Informaci\u00f3n y del Comercio Electr\u00f3nico, el titular del presente sitio es:<br>Raz\u00f3n social: CP GASTROSERVICE S.L.<br>NIF: B10736411<br>Domicilio: Calle Doctor Carracido, num 18, planta 0, local 2, 04005 Almer\u00eda<br>Tel\u00e9fono: 678 99 92 65<br>Correo electr\u00f3nico: info.colmadodepepita@gmail.com<br>Nombre del dominio: https:\/\/www.colmadodepepita.com\/<\/p>\n\n\n\n<h3 class=\"wp-block-heading\">Usuarios<\/h3>\n\n\n\n<p>El acceso y\/o uso de este portal atribuye la condici\u00f3n de usuario, que acepta, desde dicho acceso y\/o uso, las condiciones generales de uso aqu\u00ed reflejadas. Las citadas condiciones ser\u00e1n de aplicaci\u00f3n independientemente de las Condiciones Generales de Contrataci\u00f3n que en su caso resulten de obligado cumplimiento.<\/p>\n\n\n\n<h3 class=\"wp-block-heading\">PROPIEDAD INTELECTUAL E INDUSTRIAL:<\/h3>\n\n\n\n<p>CP GASTROSERVICE S.L. por s\u00ed o como cesionaria, es titular de todos los derechos de propiedad intelectual e industrial de su p\u00e1gina web, as\u00ed como de los elementos contenidos en la misma (a t\u00edtulo enunciativo, im\u00e1genes, sonido, audio, v\u00eddeo, software o textos; marcas o logotipos, combinaciones de colores, estructura y dise\u00f1o, selecci\u00f3n de materiales usados, programas de ordenador necesarios para su funcionamiento, acceso y uso, etc.), titularidad de CP GASTROSERVICE S.L. o bien de sus licenciantes.<br>En virtud de lo dispuesto en los art\u00edculos 8 y 32.1, p\u00e1rrafo segundo, de la Ley de Propiedad Intelectual, quedan expresamente prohibidas la reproducci\u00f3n, la distribuci\u00f3n y la comunicaci\u00f3n p\u00fablica, incluida su modalidad de puesta a disposici\u00f3n, de la totalidad o parte de los contenidos de esta p\u00e1gina web, con fines comerciales, en cualquier soporte y por cualquier medio t\u00e9cnico, sin la autorizaci\u00f3n de CP GASTROSERVICE S.L.<\/p>\n\n\n\n<h3 class=\"wp-block-heading\">EXCLUSI\u00d3N DE GARANT\u00cdAS Y RESPONSABILIDAD:<\/h3>\n\n\n\n<p>CP GASTROSERVICE S.L. no se hace responsable, en ning\u00fan caso, de los da\u00f1os y perjuicios de cualquier naturaleza que pudieran ocasionar, a t\u00edtulo enunciativo: errores u omisiones en los contenidos, falta de disponibilidad del portal o la transmisi\u00f3n de virus o programas maliciosos o lesivos en los contenidos, a pesar de haber adoptado todas las medidas tecnol\u00f3gicas necesarias para evitarlo.<\/p>\n\n\n\n<h3 class=\"wp-block-heading\">MODIFICACIONES:<\/h3>\n\n\n\n<p>CP GASTROSERVICE S.L.  se reserva el derecho de efectuar sin previo aviso las modificaciones que considere oportunas en su portal, pudiendo cambiar, suprimir o a\u00f1adir tanto los contenidos y servicios que se presten a trav\u00e9s de la misma como la forma en la que \u00e9stos aparezcan presentados o localizados en su portal.<\/p>\n\n\n\n<h3 class=\"wp-block-heading\">DERECHO DE EXCLUSI\u00d3N:<\/h3>\n\n\n\n<p>CP GASTROSERVICE S.L. se reserva el derecho a denegar o retirar el acceso a portal y\/o los servicios ofrecidos sin necesidad de preaviso, a instancia propia o de un tercero, a aquellos usuarios que incumplan las presentes condiciones generales de uso.<\/p>\n\n\n\n<h3 class=\"wp-block-heading\">ENLACES:<\/h3>\n\n\n\n<p>En el caso de que en nombre del dominio se dispusiesen enlaces o hiperv\u00ednculos hac\u00eda otros sitios de Internet, CP GASTROSERVICE S.L. no ejercer\u00e1 ning\u00fan tipo de control sobre dichos sitios y contenidos. En ning\u00fan caso CP GASTROSERVICE S.L. asumir\u00e1 responsabilidad alguna por los contenidos de alg\u00fan enlace perteneciente a un sitio web ajeno, ni garantizar\u00e1 la disponibilidad t\u00e9cnica, calidad, fiabilidad, exactitud, amplitud, veracidad, validez y constitucionalidad de cualquier material o informaci\u00f3n contenida en ninguno de dichos hiperv\u00ednculos u otros sitios de Internet. Igualmente la inclusi\u00f3n de estas conexiones externas no implicar\u00e1 ning\u00fan tipo de asociaci\u00f3n, fusi\u00f3n o participaci\u00f3n con las entidades conectadas.<\/p>\n\n\n\n<h3 class=\"wp-block-heading\">MODIFICACI\u00d3N DE LAS PRESENTES CONDICIONES Y DURACI\u00d3N:<\/h3>\n\n\n\n<p>CP GASTROSERVICE S.L.  podr\u00e1 modificar en cualquier momento las condiciones aqu\u00ed determinadas, siendo debidamente publicadas como aqu\u00ed aparecen. La vigencia de las citadas condiciones ir\u00e1 en funci\u00f3n de su exposici\u00f3n y estar\u00e1n vigentes hasta que sean modificadas por otras debidamente publicadas.<\/p>\n\n\n\n<h3 class=\"wp-block-heading\">LEGISLACI\u00d3N APLICABLE Y JURISDICCI\u00d3N:<\/h3>\n\n\n\n<p>La relaci\u00f3n entre CP GASTROSERVICE S.L. y el usuario se regir\u00e1 por la normativa espa\u00f1ola vigente en la materia<\/p>\n","protected":false},"excerpt":{"rendered":"<p>El presente documento tiene como finalidad el establecer y regular las normas de uso de este portal web, entendiendo por \u00e9ste todas las p\u00e1ginas y sus contenidos propiedad de General de CP GASTROSERVICE S.L. a las cuales se accede a trav\u00e9s del dominio https:\/\/www.colmadodepepita.com La utilizaci\u00f3n del portal web atribuye la condici\u00f3n de usuario del &hellip;<\/p>\n<p class=\"read-more\"> <a class=\"\" href=\"https:\/\/www.colmadodepepita.com\/index.php\/aviso-legal\/\"> <span class=\"screen-reader-text\">Aviso Legal<\/span> Leer m\u00e1s &raquo;<\/a><\/p>\n","protected":false},"author":1,"featured_media":0,"parent":0,"menu_order":0,"comment_status":"closed","ping_status":"closed","template":"","meta":{"site-sidebar-layout":"default","site-content-layout":"default","ast-global-header-display":"","ast-main-header-display":"","ast-hfb-above-header-display":"","ast-hfb-below-header-display":"","ast-hfb-mobile-header-display":"","site-post-title":"","ast-breadcrumbs-content":"","ast-featured-img":"","footer-sml-layout":"","theme-transparent-header-meta":"","adv-header-id-meta":"","stick-header-meta":"","header-above-stick-meta":"","header-main-stick-meta":"","header-below-stick-meta":"","footnotes":""},"class_list":["post-871","page","type-page","status-publish","hentry"],"_links":{"self":[{"href":"https:\/\/www.colmadodepepita.com\/index.php\/wp-json\/wp\/v2\/pages\/871","targetHints":{"allow":["GET"]}}],"collection":[{"href":"https:\/\/www.colmadodepepita.com\/index.php\/wp-json\/wp\/v2\/pages"}],"about":[{"href":"https:\/\/www.colmadodepepita.com\/index.php\/wp-json\/wp\/v2\/types\/page"}],"author":[{"embeddable":true,"href":"https:\/\/www.colmadodepepita.com\/index.php\/wp-json\/wp\/v2\/users\/1"}],"replies":[{"embeddable":true,"href":"https:\/\/www.colmadodepepita.com\/index.php\/wp-json\/wp\/v2\/comments?post=871"}],"version-history":[{"count":2,"href":"https:\/\/www.colmadodepepita.com\/index.php\/wp-json\/wp\/v2\/pages\/871\/revisions"}],"predecessor-version":[{"id":873,"href":"https:\/\/www.colmadodepepita.com\/index.php\/wp-json\/wp\/v2\/pages\/871\/revisions\/873"}],"wp:attachment":[{"href":"https:\/\/www.colmadodepepita.com\/index.php\/wp-json\/wp\/v2\/media?parent=871"}],"curies":[{"name":"wp","href":"https:\/\/api.w.org\/{rel}","templated":true}]}}